{"id":102,"date":"2018-07-15T11:28:21","date_gmt":"2018-07-15T11:28:21","guid":{"rendered":"http:\/\/themes.pixelwars.org\/lahanna\/?page_id=102"},"modified":"2020-07-07T17:26:45","modified_gmt":"2020-07-07T15:26:45","slug":"about-me","status":"publish","type":"page","link":"https:\/\/cooknvibe.com\/index.php\/about-me\/","title":{"rendered":"A propos de moi"},"content":{"rendered":"<p>Si vous \u00eates venus jusqu\u2019ici c\u2019est que vous partagez la m\u00eame passion que moi ou tout simplement parce que vous ne savez pas quoi pr\u00e9parer pour les invit\u00e9s ce week-end, dans les 2 cas je vous souhaite la bienvenue sur Cooknvibe.<\/p>\n<p>Je tacherai de vous proposer des recettes cr\u00e9atives et qui sortent un peu de l\u2019ordinaire.<\/p>\n<p>On voyagera \u00e9galement beaucoup avec la fusion des diff\u00e9rentes cultures culinaires que nous offre ce monde.<\/p>\n<p>On est aussi l\u00e0 pour apprendre un peu plus des aliments qu\u2019on consomme et des multiples techniques que nous offre la cuisine, cela se traduira par des articles th\u00e9matiques que j\u2019aurais le plaisir de vous r\u00e9diger.<\/p>\n<p>J\u2019ai encore beaucoup \u00e0 apprendre, j\u2019esp\u00e8re donc que cet espace sera favorable aux \u00e9changes avec vous.<\/p>\n","protected":false},"excerpt":{"rendered":"<p>Si vous \u00eates venus jusqu\u2019ici c\u2019est que vous partagez la m\u00eame passion que moi ou tout simplement parce que vous ne savez pas quoi pr\u00e9parer&#8230; <\/p>\n<p class=\"more\"><a class=\"more-link\" href=\"https:\/\/cooknvibe.com\/index.php\/about-me\/\">Lire la suite<\/a><\/p>\n","protected":false},"author":1,"featured_media":0,"parent":0,"menu_order":0,"comment_status":"closed","ping_status":"closed","template":"","meta":{"footnotes":""},"class_list":["post-102","page","type-page","status-publish","hentry"],"_links":{"self":[{"href":"https:\/\/cooknvibe.com\/index.php\/wp-json\/wp\/v2\/pages\/102","targetHints":{"allow":["GET"]}}],"collection":[{"href":"https:\/\/cooknvibe.com\/index.php\/wp-json\/wp\/v2\/pages"}],"about":[{"href":"https:\/\/cooknvibe.com\/index.php\/wp-json\/wp\/v2\/types\/page"}],"author":[{"embeddable":true,"href":"https:\/\/cooknvibe.com\/index.php\/wp-json\/wp\/v2\/users\/1"}],"replies":[{"embeddable":true,"href":"https:\/\/cooknvibe.com\/index.php\/wp-json\/wp\/v2\/comments?post=102"}],"version-history":[{"count":2,"href":"https:\/\/cooknvibe.com\/index.php\/wp-json\/wp\/v2\/pages\/102\/revisions"}],"predecessor-version":[{"id":630,"href":"https:\/\/cooknvibe.com\/index.php\/wp-json\/wp\/v2\/pages\/102\/revisions\/630"}],"wp:attachment":[{"href":"https:\/\/cooknvibe.com\/index.php\/wp-json\/wp\/v2\/media?parent=102"}],"curies":[{"name":"wp","href":"https:\/\/api.w.org\/{rel}","templated":true}]}}